{"id":635,"date":"2024-09-29T20:13:41","date_gmt":"2024-09-29T18:13:41","guid":{"rendered":"https:\/\/baena.metrominuto.app\/politica-de-cookies\/"},"modified":"2024-10-02T16:07:15","modified_gmt":"2024-10-02T14:07:15","slug":"cookie-policy","status":"publish","type":"page","link":"https:\/\/baena.metrominuto.app\/en\/cookie-policy\/","title":{"rendered":"Cookie Policy"},"content":{"rendered":"<p><strong>Objeto<\/strong><\/p>\n<p>La presente pol\u00edtica tiene por finalidad informar de manera clara y precisa sobre las cookies que se utilizan en esta p\u00e1gina web.<\/p>\n<p>Ayuntamiento de Baena a trav\u00e9s de su p\u00e1gina web\u00a0<a role=\"link\" href=\"https:\/\/www.baena.es\/\" target=\"_blank\" rel=\"noopener noreferrer\">https:\/\/www.baena.es<\/a>\u00a0y todos los subdominios y servicios incluidos bajo la misma, le informa sobre las cookies almacenadas en el sitio web y el motivo de su uso, conforme con las normas espa\u00f1olas que regulan el uso de cookies en relaci\u00f3n a la prestaci\u00f3n de servicios de comunicaci\u00f3n electr\u00f3nica seg\u00fan el Real Decreto ley 13\/2012 del 30 de marzo as\u00ed como el Reglamento (UE) 2016\/679 del Parlamento Europeo y del Consejo, de 27 de abril de 2016, relativo a la protecci\u00f3n de las personas f\u00edsicas en lo que respecta al tratamiento de datos personales, inform\u00e1ndole que usted est\u00e1 prestando su consentimiento para poder utilizarlas.<\/p>\n<p><strong>Acerca de las cookies<\/strong><\/p>\n<p>Las cookies son peque\u00f1os archivos de informaci\u00f3n que el servidor env\u00eda al ordenador de quien accede a la p\u00e1gina para el correcto funcionamiento y visualizaci\u00f3n de los sitios Web por parte del usuario, as\u00ed como la recogida de estad\u00edsticas.<\/p>\n<p>En ning\u00fan caso las cookies podr\u00edan da\u00f1ar su equipo. Por contra, el que est\u00e9n activas nos ayuda a identificar y resolver los posibles errores.<\/p>\n<p><strong>Tipolog\u00eda, finalidad y funcionamiento general de las cookies<\/strong><\/p>\n<p>A continuaci\u00f3n, se realiza una clasificaci\u00f3n de las cookies en funci\u00f3n de una serie de categor\u00edas y que de manera frecuente se encuentran en un sitio web. No obstante, es necesario tener en cuenta que una misma cookie puede estar incluida en m\u00e1s de una categor\u00eda.<\/p>\n<p>Las Cookies, en funci\u00f3n de su permanencia, pueden dividirse en 2 tipos:<\/p>\n<ul>\n<li>Cookies de sesi\u00f3n: Son cookies temporales que permanecen en el archivo de cookies de su navegador hasta que el Usuario abandona la p\u00e1gina web, por lo que ninguna queda registrada en el disco duro de su ordenador. La informaci\u00f3n obtenida por medio de estas cookies, sirven para analizar pautas de tr\u00e1fico en el website. A la larga, esto permite proporcionar una mejor experiencia para mejorar el contenido y facilitar su uso.<\/li>\n<li>Cookies persistentes: son almacenadas en el disco duro y nuestra web las lee cada vez que el Usuario realiza una nueva visita. Una cookie permanente posee una fecha de expiraci\u00f3n determinada. La cookie dejar\u00e1 de funcionar despu\u00e9s de esa fecha. Estas cookies se utilizan, generalmente, para facilitar los servicios de compra y registro.<\/li>\n<\/ul>\n<p>Adicionalmente, en funci\u00f3n de su objetivo, las cookies pueden clasificarse de la siguiente forma:<\/p>\n<p><strong>Cookies de rendimiento<\/strong><\/p>\n<p>Este tipo de cookie recuerda sus preferencias para las aplicaciones de los servicios, por lo que no tiene que volver a configurar todo nuevamente tras cada visita.<\/p>\n<p>Entre estas se incluyen:<\/p>\n<ul>\n<li>Ajustes de volumen de reproductores de v\u00eddeo o sonido.<\/li>\n<li>Las velocidades de transmisi\u00f3n de v\u00eddeo que sean compatibles con su navegador.<\/li>\n<li>Los objetos guardados en el \u201ccarrito de la compra\u201d en los Servicios de E-commerce tales como tiendas.<\/li>\n<\/ul>\n<p><strong>Cookies de geolocalizaci\u00f3n<\/strong><\/p>\n<p>Estas Cookies se utilizan para conocer el pa\u00eds desde que se conecta un usuario que solicita un servicio. Esta cookie es totalmente an\u00f3nima, y s\u00f3lo se utiliza para ayudar a orientar el contenido a su ubicaci\u00f3n<\/p>\n<p><strong>Cookies de registro<\/strong><\/p>\n<p>Las cookies de registro se generan tras el registro del Usuario o una vez ha abierto su sesi\u00f3n, y se utilizan para identificarle en los Servicios con los siguientes objetivos:<\/p>\n<ul>\n<li>Mantener al Usuario identificado de forma que si abandona un Servicio durante un periodo de tiempo y en otro momento u otro d\u00eda vuelve a entrar en dicho Servicio, seguir\u00e1 identificado, facilitando as\u00ed su navegaci\u00f3n sin tener que volver a identificarse. Esta funcionalidad se puede suprimir si el usuario pulsa la opci\u00f3n \u201ccerrar sesi\u00f3n\u201d, de forma que esta cookie se elimina y la pr\u00f3xima vez que entre en el Servicio el usuario tendr\u00e1 que iniciar sesi\u00f3n para estar identificado.<\/li>\n<li>Comprobar si el usuario est\u00e1 autorizado para acceder a ciertos Servicios, por ejemplo, para participar en un concurso.<\/li>\n<\/ul>\n<p>Adicionalmente, algunos Servicios pueden utilizar conectores con redes sociales tales como Facebook o Twitter. Cuando el usuario se registra en un Servicio con credenciales de una red social, autoriza a la red social a guardar una cookie persistente que recuerda su identidad y le garantiza acceso a los Servicios hasta que expira. El usuario puede borrar esta cookie y revocar el acceso a los Servicios mediante redes sociales actualizando sus preferencias en la red social que espec\u00edfica.<\/p>\n<p><strong>Cookies anal\u00edticas<\/strong><\/p>\n<p>Cada vez que un usuario visita un servicio, una herramienta de un proveedor externo genera una cookie anal\u00edtica en el ordenador del usuario. Esta cookie que s\u00f3lo se genera en la visita, servir\u00e1 en pr\u00f3ximas visitas a los servicios del sitio web para identificar de forma an\u00f3nima al visitante. Los objetivos principales que se persiguen son:<\/p>\n<ul>\n<li>Permitir la identificaci\u00f3n an\u00f3nima de navegadores y dispositivos de los usuarios navegantes, no de las personas, a trav\u00e9s de la \u201ccookie\u201d y por lo tanto la contabilizaci\u00f3n aproximada del n\u00famero de visitantes y su tendencia en el tiempo.<\/li>\n<li>Identificar de forma an\u00f3nima los contenidos m\u00e1s visitados y por lo tanto m\u00e1s atractivos para los usuarios.<\/li>\n<\/ul>\n<p><strong>Cookies de publicidad<\/strong><\/p>\n<p>Este tipo de \u201ccookies\u201d permiten ampliar la informaci\u00f3n de los anuncios mostrados a cada usuario an\u00f3nimo en los Servicios del sitio web. Entre otros, se almacena la duraci\u00f3n o frecuencia de visualizaci\u00f3n de posiciones publicitarias, la interacci\u00f3n con las mismas, o los patrones de navegaci\u00f3n y\/o comportamientos del usuario ya que ayudan a conformar un perfil de inter\u00e9s publicitario. De este modo, permiten ofrecer publicidad af\u00edn a los intereses del usuario. Se debe de informar del uso de estas cookies.<\/p>\n<p><strong>Cookies publicitarias de terceros<\/strong><\/p>\n<p>El sitio web ofrece a sus anunciantes la opci\u00f3n de servir anuncios a trav\u00e9s de terceros (\u201cAd-Servers\u201d). De este modo, estos terceros pueden almacenar cookies enviadas desde los Servicios del sitio web procedentes de los navegadores de los usuarios, as\u00ed como acceder a los datos que en ellas se guardan. Las empresas que generan estas cookies tienen sus propias pol\u00edticas de privacidad.<\/p>\n<p><strong>Condiciones y declaraci\u00f3n sobre cookies<\/strong><\/p>\n<p>En esta p\u00e1gina web se proh\u00edbe expresamente la realizaci\u00f3n de \u00abframings\u00bb o la utilizaci\u00f3n por parte de terceros de cualesquiera otros mecanismos que alteren el dise\u00f1o, configuraci\u00f3n original o contenidos de la p\u00e1gina web.<\/p>\n<p>El acceso a la p\u00e1gina implica de forma obligatoria la utilizaci\u00f3n de cookies. Ninguna de las cookies del sitio web almacena informaci\u00f3n de car\u00e1cter personal; \u00fanicamente se almacena informaci\u00f3n t\u00e9cnica necesaria para el correcto funcionamiento de la web<\/p>\n<p><strong>Cookies que utilizamos<\/strong><\/p>\n<p>Seg\u00fan la tipolog\u00eda de cookies descrita anteriormente, esta web s\u00f3lo hace uso de:<\/p>\n<ul>\n<li>Cookies anal\u00edticas para obtener datos an\u00f3nimos de acceso con fines estad\u00edsticos (Google)<\/li>\n<li>Cookies de registro para establecer sesi\u00f3n de usuario (Sede Electr\u00f3nica)<\/li>\n<li>Cookies de terceros cuando la web enlaza con sus redes sociales (Twitter o Facebook)<\/li>\n<\/ul>\n<p><strong>Inhabilitaci\u00f3n de cookies<\/strong><\/p>\n<p>Normalmente es posible dejar de aceptar las Cookies del navegador, o dejar de aceptar las Cookies de un Servicio en particular.<\/p>\n<p>Todos los navegadores modernos permiten cambiar la configuraci\u00f3n de Cookies. Estos ajustes normalmente se encuentran en las \u2018opciones\u2019 o \u2018Preferencias\u2019 del men\u00fa de su navegador.<\/p>\n<p>Asimismo, puede configurar su navegador o su gestor de correo electr\u00f3nico, as\u00ed como instalar complementos gratuitos para evitar que se descarguen los Web Bugs al abrir un email.<\/p>\n<p>La web ofrece orientaci\u00f3n al usuario sobre los pasos para acceder al men\u00fa de configuraci\u00f3n de las cookies y, en su caso, de la navegaci\u00f3n privada en cada uno de los navegadores principales:<\/p>\n<p><em>Edge: Configuraci\u00f3n-&gt; Configuraci\u00f3n-&gt; Configuraci\u00f3n Avanzada.<\/em><\/p>\n<p>Para m\u00e1s informaci\u00f3n, puede consultar el soporte de Microsoft o la Ayuda del navegador.<\/p>\n<p><em>Firefox: Herramientas-&gt; Opciones-&gt; Privacidad-&gt; Historial-&gt; Configuraci\u00f3n Personalizada.<\/em><\/p>\n<p>Para m\u00e1s informaci\u00f3n, puede consultar el soporte de Mozilla o la Ayuda del navegador.<\/p>\n<p><em>Chrome: Configuraci\u00f3n-&gt; Mostrar opciones avanzadas-&gt; Privacidad-&gt; Configuraci\u00f3n de contenido.<\/em><\/p>\n<p>Para m\u00e1s informaci\u00f3n, puede consultar el soporte de Google o la Ayuda del navegador.<\/p>\n<p><em>Safari: Preferencias-&gt; Seguridad.<\/em><\/p>\n<p>Para m\u00e1s informaci\u00f3n, puede consultar el soporte de Apple o la Ayuda del navegador.<\/p>\n<p><strong>Actualizaciones y cambios en la pol\u00edtica de cookies<\/strong><\/p>\n<p>Estas listas se actualizar\u00e1n con la mayor celeridad posible a medida que cambien o evolucionen los servicios del sitio web ofrecidos en el mismo. Sin embargo, ocasionalmente durante esta actualizaci\u00f3n puede ser que la lista no incluya ya una cookie, aunque siempre se referir\u00e1 a cookies con prop\u00f3sitos id\u00e9nticos a los registrados en estas listas.<\/p>\n<p><strong>Nuestros datos<\/strong><\/p>\n<p>Este sitio web es propiedad y est\u00e1 gestionado por el Ayuntamiento de Baena<\/p>\n<p>Puede ponerse en contacto con el\u00a0<a id=\"2\" role=\"link\" href=\"mailto:prensa@ayto-baena.es\">Ayuntamiento de Baena<\/a>.<\/p>\n","protected":false},"excerpt":{"rendered":"<p>Objeto La presente pol\u00edtica tiene por finalidad informar de manera clara y precisa sobre las cookies que se utilizan en esta p\u00e1gina web. Ayuntamiento de Baena a trav\u00e9s de su p\u00e1gina web\u00a0https:\/\/www.baena.es\u00a0y todos los subdominios y servicios incluidos bajo la misma, le informa sobre las cookies almacenadas en el sitio web y el motivo de [&hellip;]<\/p>\n","protected":false},"author":1,"featured_media":0,"parent":0,"menu_order":0,"comment_status":"closed","ping_status":"closed","template":"","meta":{"footnotes":""},"class_list":["post-635","page","type-page","status-publish","hentry"],"_links":{"self":[{"href":"https:\/\/baena.metrominuto.app\/en\/wp-json\/wp\/v2\/pages\/635","targetHints":{"allow":["GET"]}}],"collection":[{"href":"https:\/\/baena.metrominuto.app\/en\/wp-json\/wp\/v2\/pages"}],"about":[{"href":"https:\/\/baena.metrominuto.app\/en\/wp-json\/wp\/v2\/types\/page"}],"author":[{"embeddable":true,"href":"https:\/\/baena.metrominuto.app\/en\/wp-json\/wp\/v2\/users\/1"}],"replies":[{"embeddable":true,"href":"https:\/\/baena.metrominuto.app\/en\/wp-json\/wp\/v2\/comments?post=635"}],"version-history":[{"count":1,"href":"https:\/\/baena.metrominuto.app\/en\/wp-json\/wp\/v2\/pages\/635\/revisions"}],"predecessor-version":[{"id":636,"href":"https:\/\/baena.metrominuto.app\/en\/wp-json\/wp\/v2\/pages\/635\/revisions\/636"}],"wp:attachment":[{"href":"https:\/\/baena.metrominuto.app\/en\/wp-json\/wp\/v2\/media?parent=635"}],"curies":[{"name":"wp","href":"https:\/\/api.w.org\/{rel}","templated":true}]}}