{"id":639,"date":"2024-09-29T20:17:06","date_gmt":"2024-09-29T18:17:06","guid":{"rendered":"https:\/\/baena.metrominuto.app\/politica-de-proteccion-de-datos\/"},"modified":"2024-10-02T16:08:36","modified_gmt":"2024-10-02T14:08:36","slug":"data-protection-policy","status":"publish","type":"page","link":"https:\/\/baena.metrominuto.app\/en\/data-protection-policy\/","title":{"rendered":"Data Protection Policy"},"content":{"rendered":"<p><strong>Objeto<\/strong><\/p>\n<p>En virtud de lo estipulado en el Reglamento (UE) 2016\/679 del Parlamento Europeo y del Consejo de 27 de abril de 2016 relativo a la protecci\u00f3n de las personas f\u00edsicas en lo que respecta al tratamiento de datos personales y a la libre circulaci\u00f3n de estos datos (en adelante RGPD), la Ley Org\u00e1nica 3\/2018, de 5 de diciembre, de Protecci\u00f3n de Datos Personales y garant\u00eda de los derechos digitales (en adelante LOPD-GDD) as\u00ed como en la dem\u00e1s normativas vigentes de referencia en la materia, Ayuntamiento de Baena pone en conocimiento de los interesados as\u00ed como de los usuarios del sitio web\u00a0<a role=\"link\" href=\"https:\/\/www.baena.es\/\" target=\"_blank\" rel=\"noopener noreferrer\">https:\/\/www.baena.es<\/a>, la Pol\u00edtica de Protecci\u00f3n de Datos en lo que al tratamiento de los datos se refiere de aquellas personas que suministren sus datos personales.<\/p>\n<p>El contenido de esta pol\u00edtica de protecci\u00f3n de datos es comunicada por Ayuntamiento de Baena dentro de sus competencias como responsable del tratamiento.<\/p>\n<p>Esta pol\u00edtica es complementaria a cuantos textos informativos y cl\u00e1usulas de consentimiento sean necesarios para la prestaci\u00f3n del servicio a llevar a cabo por Ayuntamiento de Baena.<\/p>\n<p>El interesado, en caso de disconformidad con lo descrito en esta Pol\u00edtica de Protecci\u00f3n de Datos, no podr\u00e1 acceder ni utilizar servicio alguno prestado por Ayuntamiento de Baena y que requiera el tratamiento de alg\u00fan dato personal.<\/p>\n<p>Asimismo, el usuario queda informado de que esta pol\u00edtica ser\u00e1 de aplicaci\u00f3n subsidiaria de aquellas otras que, sobre la misma materia se establezcan con car\u00e1cter especial y\/o particular y sean comunicadas al interesado, sin car\u00e1cter limitativo, quedando la presente pol\u00edtica como complementaria de las anteriores en aquello que no se contradiga.<\/p>\n<p><strong>Identificaci\u00f3n del responsable del tratamiento<\/strong><\/p>\n<p>Responsable de tratamiento: Ayuntamiento de Baena<\/p>\n<p>Domicilio: Plaza de la Constituci\u00f3n, 1. 14850<\/p>\n<p>Localidad: Baena (C\u00f3rdoba)<\/p>\n<p>C.I.F.: P-1400700I<\/p>\n<p>Tel\u00e9fono: 957 995 010<\/p>\n<p>Correo electr\u00f3nico:\u00a0<a role=\"link\" href=\"mailto:prensa@ayto-baena.es\">prensa@ayto-baena.es<\/a><\/p>\n<p><strong>Datos de contacto del delegado de protecci\u00f3n de datos<\/strong><\/p>\n<p>Conforme al art. 37 del RGPD y al art 34 de la LOPD-GDD, podr\u00e1 ponerse en contacto con el Delegado de Protecci\u00f3n de Datos a trav\u00e9s del correo electr\u00f3nico\u00a0<a role=\"link\" href=\"mailto:%20protecciondedatos@dipucordoba.es\">protecciondedatos@dipucordoba.es<\/a>.<\/p>\n<p><strong>Tratamiento de datos de menores de edad<\/strong><\/p>\n<p>Para interesados o usuarios menores de 14 a\u00f1os, en los supuestos en los que se requiera el consentimiento del interesado, queda prohibido el uso de los servicios que requieran un registro de identificaci\u00f3n o autentificaci\u00f3n, siempre y cuando no se haya recabado la autorizaci\u00f3n expresa por parte del padre\/madre\/tutor\/representante legal.<\/p>\n<p><strong>Obligatoriedad de facilitar los datos para la prestaci\u00f3n del servicio<\/strong><\/p>\n<p>Los datos solicitados por Ayuntamiento de Baena, tanto en soporte papel como en soporte digital o formularios web, son con car\u00e1cter general obligatorios (salvo que en el campo requerido se especifique lo contrario) para cumplir con las finalidades establecidas. Si no se facilitan los mismos o no se facilitan correctamente, Ayuntamiento de Baena podr\u00eda no prestar de manera parcial o total el servicio requerido, sin perjuicio de que, en caso del portal web, pueda visualizar libremente el contenido del sitio.Ayuntamiento de Baena<\/p>\n<p><strong>Finalidades del tratamiento<\/strong><\/p>\n<p>Ayuntamiento de Baena tratar\u00e1 la informaci\u00f3n que facilite el usuario conforme a las finalidades descritas en su Registro de actividades de Tratamiento.<\/p>\n<p><strong>Plazo de conservaci\u00f3n de los datos personales<\/strong><\/p>\n<p>Con car\u00e1cter general, los datos personales proporcionados se conservar\u00e1n mientras el interesado no solicite su supresi\u00f3n o cancelaci\u00f3n y siempre que resulten adecuados, pertinentes y limitados a lo necesario para los fines para los que sean tratados. Igualmente ser\u00e1n conservados durante el tiempo necesario para cumplir con la finalidad para la que se recaban y para determinar las posibles responsabilidades que se pudieran derivar de la finalidad, adem\u00e1s de los per\u00edodos establecidos en la normativa de archivos y documentaci\u00f3n.<\/p>\n<p>De la misma manera, y en su condici\u00f3n de administraci\u00f3n p\u00fablica, le informamos que sus datos tambi\u00e9n podr\u00e1n ser conservados de manera indefinida a efectos estad\u00edsticos, hist\u00f3ricos y cient\u00edficos, salvo los casos en los que se contemple lo contrario en la legislaci\u00f3n vigente.<\/p>\n<p>Se garantiza un tratamiento de datos l\u00edcito, leal y transparente.<\/p>\n<p>En el caso de videovigilancia, le comunicamos que la informaci\u00f3n se suprimir\u00e1 transcurrido un mes desde la toma de im\u00e1genes, salvo comunicaci\u00f3n a Fuerzas y Cuerpos de Seguridad y\/o Juzgado y Tribunales.<\/p>\n<p><strong>Legitimaci\u00f3n o base jur\u00eddica del tratamiento<\/strong><\/p>\n<p>La base jur\u00eddica para el tratamiento de los datos recogidos por Ayuntamiento de Baena, ser\u00e1 la siguiente:<\/p>\n<p>En el caso de la recogida de datos a trav\u00e9s de los canales de contacto habilitados en el sitio web, incluidos los formularios de contacto, la base jur\u00eddica para el tratamiento de los datos es la de recabar el consentimiento del interesado o usuario para el tratamiento de sus datos. Para ello, en cada formulario se incluir\u00e1 una casilla de verificaci\u00f3n en el que se solicitar\u00e1 dicho consentimiento, informando de la existencia del aviso legal y de la presente Pol\u00edtica de Protecci\u00f3n de Datos y facilitando el acceso a ambas.<\/p>\n<p>En el caso en que exista una relaci\u00f3n contractual o pre-contractual entre Ayuntamiento de Baena y el interesado, la base jur\u00eddica para el tratamiento de los datos facilitados estar\u00e1 legitimado en dicha relaci\u00f3n, de modo que solo se recabar\u00e1n los datos necesarios para sustentar dichas relaciones comerciales y contractuales.<\/p>\n<p>Para el resto de supuestos, y dependiendo de la tipolog\u00eda de cada finalidad, se atender\u00e1 como base jur\u00eddica el consentimiento en la recogida de datos (mediante una clara afirmaci\u00f3n positiva), una obligaci\u00f3n legal, el inter\u00e9s leg\u00edtimo de los interesados y\/o el cumplimiento de misiones realizada en inter\u00e9s p\u00fablico o en el ejercicio de poderes p\u00fablicos conferidos. Se toma como base la ley 39\/2015 del Procedimiento Administrativo Com\u00fan de las Administraciones P\u00fablicas y la ley 40\/2015 de R\u00e9gimen Jur\u00eddico del Sector P\u00fablico.<\/p>\n<p>Puede consultar la base legal para cada una de las actividades de tratamiento que se llevan a cabo en el siguiente enlace al Registro de actividades de Tratamiento.<\/p>\n<p><strong>Cesiones de los datos personales del usuario a terceros<\/strong><\/p>\n<p>Con car\u00e1cter general, no se ceder\u00e1n datos a terceros, salvo obligaci\u00f3n legal. En este sentido se proceder\u00e1 a la cesi\u00f3n de datos al Instituto Nacional de Estad\u00edstica, Fuerzas y Cuerpos de Seguridad, \u00d3rganos del Estado, Comunidades Aut\u00f3nomas y dem\u00e1s administraciones u organismos p\u00fablicos.<\/p>\n<p>En el caso de otro tipo de cesiones para finalidades concretas, se podr\u00e1 consultar el Registro de Actividades de Tratamiento.<\/p>\n<p><strong>Ejercicios de derechos<\/strong><\/p>\n<p>El interesado\/usuario tiene derecho a solicitar a Ayuntamiento de Baena el acceso a sus datos personales, su rectificaci\u00f3n, supresi\u00f3n, limitaci\u00f3n al tratamiento y oposici\u00f3n. Tambi\u00e9n le asiste el derecho a retirar el consentimiento otorgado para el tratamiento en cualquier momento, sin que ello afecte a la licitud del tratamiento basado en el consentimiento previo a su retirada y el derecho de portabilidad de sus datos personales, en los supuestos que legalmente proceda.<\/p>\n<p>Para el ejercicio de cualquiera de estos derechos, deber\u00e1 cumplimentar el formulario de Derechos al Interesado a disposici\u00f3n de los mismos, y presentarlo personalmente o enviarlo a:<\/p>\n<p>Ayuntamiento de Baena \u2013 Delegado de Protecci\u00f3n de Datos<\/p>\n<p>Correo postal: Plaza de la Constituci\u00f3n, 1. 14850. Baena. C\u00f3rdoba<\/p>\n<p>Correo electr\u00f3nico:\u00a0<a role=\"link\" href=\"mailto:%20protecciondedatos@dipucordoba.es\">protecciondedatos@dipucordoba.es<\/a><\/p>\n<p>Ayuntamiento de Baena atender\u00e1 la solicitud e informar\u00e1 al interesado sobre las medidas adoptadas en el plazo m\u00e1ximo de un mes desde su recepci\u00f3n. Dicho plazo podr\u00e1 prorrogarse un m\u00e1ximo de dos meses adicionales en caso necesario, teniendo en cuenta la complejidad y n\u00famero de solicitudes. En este \u00faltimo supuesto, Ayuntamiento de Baena informar\u00e1 al interesado de dichas pr\u00f3rrogas en el plazo de un mes desde la recepci\u00f3n de la solicitud. Ayuntamiento de Baena responder\u00e1 a las solicitudes por el mismo canal utilizado por el usuario, salvo que \u00e9ste disponga otra cosa.<\/p>\n<p><strong>Reclamaci\u00f3n ante la autoridad de control \u2013 tutela de los derechos del usuario<\/strong><\/p>\n<p>El interesado queda informado del derecho que le asiste a presentar una reclamaci\u00f3n ante la Agencia Espa\u00f1ola de Protecci\u00f3n de Datos (AEPD), cuando considere que no ha obtenido satisfacci\u00f3n por parte de Ayuntamiento de Baena en el ejercicio de sus derechos u otros supuestos que leg\u00edtimamente se contemplen.<\/p>\n<p>El interesado puede ponerse en contacto con la AEPD a trav\u00e9s de\u00a0<a role=\"link\" href=\"https:\/\/www.agpd.es\/\" target=\"_blank\" rel=\"noopener noreferrer\">www.agpd.es<\/a>\u00a0o en la siguiente direcci\u00f3n C\/ Jorge Juan, 6. 28001, Madrid, y\/o tel\u00e9fono de contacto 912 663 517.<\/p>\n<p><strong>Medidas de seguridad<\/strong><\/p>\n<p>Ayuntamiento de Baena tratar\u00e1 los datos del interesado en todo momento de forma absolutamente confidencial y guardando el preceptivo deber de secreto respecto de los mismos, de conformidad con lo previsto en la normativa de aplicaci\u00f3n, adoptando al efecto las medidas de \u00edndole t\u00e9cnica y organizativas necesarias que garanticen la seguridad de sus datos y eviten su alteraci\u00f3n, p\u00e9rdida, tratamiento o acceso no autorizado, habida cuenta del estado de la tecnolog\u00eda, la naturaleza de los datos almacenados y los riesgos a que est\u00e1n expuestos.<\/p>\n<p>Ayuntamiento de Baena verificar\u00e1, evaluar\u00e1 y auditar\u00e1 de forma regular la eficacia de dichas medidas, actualiz\u00e1ndolas en caso en que fuera necesario de acuerdo con el resultado de dichas evaluaciones.<\/p>\n<p>Las medidas de seguridad implantadas, conforme a lo estipulado en la disposici\u00f3n adicional primera de la LOPD-GDD, corresponden a las aplicadas de acuerdo al Anexo II (Medidas de seguridad) del Real Decreto 3\/2010, de 8 de enero, por el que se regula el Esquema Nacional de Seguridad en el \u00e1mbito de la Administraci\u00f3n Electr\u00f3nica y que se encuentran descritas en los documentos que conforman la Pol\u00edtica de Seguridad de la Informaci\u00f3n de Ayuntamiento de Baena.<\/p>\n<p><strong>Uso de cookies y dispositivos de almacenamiento y recuperaci\u00f3n de datos en equipos terminales de los usuarios<\/strong><\/p>\n<p>Ayuntamiento de Baena utiliza en sus p\u00e1ginas webs cookies y dispositivos de almacenamiento y recuperaci\u00f3n de datos en equipos terminales del usuario cuando el usuario navega por el sitio.<\/p>\n<p>Tales cookies y dispositivos de almacenamiento y recuperaci\u00f3n de datos son usadas por Ayuntamiento de Baena en las condiciones descritas en su Pol\u00edtica de Cookies.<\/p>\n<p><strong>Informaci\u00f3n de contacto<\/strong><\/p>\n<p>Para cualquier consulta sobre la presente Pol\u00edtica de Protecci\u00f3n de Datos, el usuario podr\u00e1 dirigirse a Ayuntamiento de Baena tanto por medios electr\u00f3nicos como mediante correo postal en las direcciones que se muestran a continuaci\u00f3n:<\/p>\n<p>Correo postal: Plaza de la Constituci\u00f3n, 1. 14850. Baena. C\u00f3rdoba<\/p>\n<p>Correo electr\u00f3nico:\u00a0<a role=\"link\" href=\"mailto:%20protecciondedatos@dipucordoba.es\">protecciondedatos@dipucordoba.es<\/a><\/p>\n","protected":false},"excerpt":{"rendered":"<p>Objeto En virtud de lo estipulado en el Reglamento (UE) 2016\/679 del Parlamento Europeo y del Consejo de 27 de abril de 2016 relativo a la protecci\u00f3n de las personas f\u00edsicas en lo que respecta al tratamiento de datos personales y a la libre circulaci\u00f3n de estos datos (en adelante RGPD), la Ley Org\u00e1nica 3\/2018, [&hellip;]<\/p>\n","protected":false},"author":1,"featured_media":0,"parent":0,"menu_order":0,"comment_status":"closed","ping_status":"closed","template":"","meta":{"footnotes":""},"class_list":["post-639","page","type-page","status-publish","hentry"],"_links":{"self":[{"href":"https:\/\/baena.metrominuto.app\/en\/wp-json\/wp\/v2\/pages\/639","targetHints":{"allow":["GET"]}}],"collection":[{"href":"https:\/\/baena.metrominuto.app\/en\/wp-json\/wp\/v2\/pages"}],"about":[{"href":"https:\/\/baena.metrominuto.app\/en\/wp-json\/wp\/v2\/types\/page"}],"author":[{"embeddable":true,"href":"https:\/\/baena.metrominuto.app\/en\/wp-json\/wp\/v2\/users\/1"}],"replies":[{"embeddable":true,"href":"https:\/\/baena.metrominuto.app\/en\/wp-json\/wp\/v2\/comments?post=639"}],"version-history":[{"count":1,"href":"https:\/\/baena.metrominuto.app\/en\/wp-json\/wp\/v2\/pages\/639\/revisions"}],"predecessor-version":[{"id":640,"href":"https:\/\/baena.metrominuto.app\/en\/wp-json\/wp\/v2\/pages\/639\/revisions\/640"}],"wp:attachment":[{"href":"https:\/\/baena.metrominuto.app\/en\/wp-json\/wp\/v2\/media?parent=639"}],"curies":[{"name":"wp","href":"https:\/\/api.w.org\/{rel}","templated":true}]}}